{"id":27863,"date":"2024-07-22T19:36:07","date_gmt":"2024-07-22T17:36:07","guid":{"rendered":"https:\/\/cfcstuttgart.refsites.com\/?page_id=27863"},"modified":"2024-12-19T10:31:45","modified_gmt":"2024-12-19T09:31:45","slug":"nursery","status":"publish","type":"page","link":"https:\/\/cfcstuttgart.org\/de\/nursery\/","title":{"rendered":"Kinderbetreuung"},"content":{"rendered":"<p>Wir sind der festen \u00dcberzeugung, dass Kinder jeden Alters am Gottesdienst teilnehmen sollten. Wenn wir unser Mitglieder-Gel\u00fcbde ablegen und wenn Bundeskinder getauft werden, verpflichten wir uns, den Eltern zur Seite zu stehen und sie dabei zu unterst\u00fctzen, ihre Kinder in der Zucht und Ermahnung des HERRN zu erziehen. Eine praktische M\u00f6glichkeit, dies zu tun, besteht darin, w\u00e4hrend des Gottesdienstes zur Verf\u00fcgung zu stehen, um bei kleineren Kindern zu sitzen, die besondere Aufmerksamkeit ben\u00f6tigen.&nbsp;<\/p>\n\n\n\n<p>Werden Kinder dazu ermutigt, aufzustehen, wenn wir uns zum Lesen von Gottes Wort erheben, mitzusingen, wenn Psalmen und Kirchenlieder gesungen werden, und w\u00e4hrend des Gebets Ehrfurcht zu zeigen, so wird ihnen damit vermittelt, dass auch sie ein integraler Bestandteil der Gemeinde sind. Wenn die Erwartungen so sind, wachsen sie in der Regel mit ihren Aufgaben und lernen schlie\u00dflich, sich mit Freude zu beteiligen.<\/p>\n\n\n\n<p class=\"translation-block\">Wenn Sie jedoch das <strong>Kinderzimmer<\/strong> nutzen m\u00f6chten, steht es Ihnen w\u00e4hrend der Sonntagsschule und des Morgengottesdienstes im Erdgeschoss zur Verf\u00fcgung.<\/p>","protected":false},"excerpt":{"rendered":"<p>We strongly believe children of all ages should be part of the worship of God. When we take our membership vows and when covenant children are baptized we commit to coming alongside parents to help bring up their children&nbsp;in the nurture and admonition of the LORD. One practical way to do so is to be [&hellip;]<\/p>","protected":false},"author":5,"featured_media":28865,"parent":0,"menu_order":0,"comment_status":"closed","ping_status":"closed","template":"","meta":{"_seopress_robots_primary_cat":"","_seopress_titles_title":"","_seopress_titles_desc":"","_seopress_robots_index":"","footnotes":""},"class_list":["post-27863","page","type-page","status-publish","has-post-thumbnail","hentry"],"blocksy_meta":[],"_links":{"self":[{"href":"https:\/\/cfcstuttgart.org\/de\/wp-json\/wp\/v2\/pages\/27863","targetHints":{"allow":["GET"]}}],"collection":[{"href":"https:\/\/cfcstuttgart.org\/de\/wp-json\/wp\/v2\/pages"}],"about":[{"href":"https:\/\/cfcstuttgart.org\/de\/wp-json\/wp\/v2\/types\/page"}],"author":[{"embeddable":true,"href":"https:\/\/cfcstuttgart.org\/de\/wp-json\/wp\/v2\/users\/5"}],"replies":[{"embeddable":true,"href":"https:\/\/cfcstuttgart.org\/de\/wp-json\/wp\/v2\/comments?post=27863"}],"version-history":[{"count":4,"href":"https:\/\/cfcstuttgart.org\/de\/wp-json\/wp\/v2\/pages\/27863\/revisions"}],"predecessor-version":[{"id":28969,"href":"https:\/\/cfcstuttgart.org\/de\/wp-json\/wp\/v2\/pages\/27863\/revisions\/28969"}],"wp:featuredmedia":[{"embeddable":true,"href":"https:\/\/cfcstuttgart.org\/de\/wp-json\/wp\/v2\/media\/28865"}],"wp:attachment":[{"href":"https:\/\/cfcstuttgart.org\/de\/wp-json\/wp\/v2\/media?parent=27863"}],"curies":[{"name":"wp","href":"https:\/\/api.w.org\/{rel}","templated":true}]}}