{"id":27861,"date":"2024-07-22T19:33:14","date_gmt":"2024-07-22T17:33:14","guid":{"rendered":"https:\/\/cfcstuttgart.refsites.com\/?page_id=27861"},"modified":"2024-12-19T10:31:58","modified_gmt":"2024-12-19T09:31:58","slug":"sunday-school","status":"publish","type":"page","link":"https:\/\/cfcstuttgart.org\/de\/sunday-school\/","title":{"rendered":"Sonntagsschule (Englisch)"},"content":{"rendered":"<p>Die Sonntagsschule trifft sich w\u00f6chentlich von 10:00 bis 11:00 Uhr im Nebengeb\u00e4ude neben dem Haupteingang der Kirche. Es gibt drei Sonntagsschulklassen. \nDie Sonntagsschule f\u00fcr Erwachsene trifft sich im Erdgeschoss, die Sonntagsschule f\u00fcr Jugendliche trifft sich neben den Erwachsenen und die Sonntagsschule f\u00fcr Kinder trifft sich im Keller neben dem Spielzimmer. Die Klassen wechseln viertelj\u00e4hrlich und konzentrieren sich auf Themen wie christliche Weltanschauung, Apologetik, Neues\/Altes Testament und Theologie. <\/p>","protected":false},"excerpt":{"rendered":"<p>Sunday School meets from 10:00-11:00 a.m. weekly in the annex building next to the main doors of the church. There are three Sunday School classes. The Adult Sunday School meets on the main floor, the Youth Sunday School meets adjacent to the adults, and the Children&#8217;s Sunday School meets in the basement next to the [&hellip;]<\/p>","protected":false},"author":5,"featured_media":28775,"parent":0,"menu_order":0,"comment_status":"closed","ping_status":"closed","template":"","meta":{"_seopress_robots_primary_cat":"","_seopress_titles_title":"","_seopress_titles_desc":"","_seopress_robots_index":"","footnotes":""},"class_list":["post-27861","page","type-page","status-publish","has-post-thumbnail","hentry"],"blocksy_meta":[],"_links":{"self":[{"href":"https:\/\/cfcstuttgart.org\/de\/wp-json\/wp\/v2\/pages\/27861","targetHints":{"allow":["GET"]}}],"collection":[{"href":"https:\/\/cfcstuttgart.org\/de\/wp-json\/wp\/v2\/pages"}],"about":[{"href":"https:\/\/cfcstuttgart.org\/de\/wp-json\/wp\/v2\/types\/page"}],"author":[{"embeddable":true,"href":"https:\/\/cfcstuttgart.org\/de\/wp-json\/wp\/v2\/users\/5"}],"replies":[{"embeddable":true,"href":"https:\/\/cfcstuttgart.org\/de\/wp-json\/wp\/v2\/comments?post=27861"}],"version-history":[{"count":3,"href":"https:\/\/cfcstuttgart.org\/de\/wp-json\/wp\/v2\/pages\/27861\/revisions"}],"predecessor-version":[{"id":28038,"href":"https:\/\/cfcstuttgart.org\/de\/wp-json\/wp\/v2\/pages\/27861\/revisions\/28038"}],"wp:featuredmedia":[{"embeddable":true,"href":"https:\/\/cfcstuttgart.org\/de\/wp-json\/wp\/v2\/media\/28775"}],"wp:attachment":[{"href":"https:\/\/cfcstuttgart.org\/de\/wp-json\/wp\/v2\/media?parent=27861"}],"curies":[{"name":"wp","href":"https:\/\/api.w.org\/{rel}","templated":true}]}}