{"id":27857,"date":"2024-07-22T19:31:32","date_gmt":"2024-07-22T17:31:32","guid":{"rendered":"https:\/\/cfcstuttgart.refsites.com\/?page_id=27857"},"modified":"2024-11-23T20:28:30","modified_gmt":"2024-11-23T19:28:30","slug":"our-denomination","status":"publish","type":"page","link":"https:\/\/cfcstuttgart.org\/de\/our-denomination\/","title":{"rendered":"Unsere Kirche"},"content":{"rendered":"<div class=\"wp-block-stackable-text stk-block-text stk-block stk-c6b3f0b\" data-block-id=\"c6b3f0b\"><style>.stk-c6b3f0b {margin-bottom:0px !important;}.stk-c6b3f0b .stk-block-text__text{font-size:24px !important;}@media screen and (max-width: 1023px){.stk-c6b3f0b .stk-block-text__text{font-size:24px !important;}}<\/style><p class=\"stk-block-text__text\"><strong>Die Presbyterianische Kirche in Amerika (PCA)<\/strong><\/p><\/div>\n\n\n\n<p>Die Presbyterianische Kirche in Amerika (PCA) wurde 1973 gegr\u00fcndet, als Denomination, die \"bibeltreu, dem reformierten Glauben treu und dem Missionsbefehl gehorsam\" ist.<\/p>\n\n\n\n<p>Die PCA ist eine evangelikale Denomination, da wir das Evangelium der Erl\u00f6sung durch den Glauben an Jesus Christus verk\u00fcnden. Das Wort \"evangelikal\" kommt aus dem Griechischen und bedeutet \"gute Nachricht\". Wir m\u00f6chten, dass alle Menschen auf das Erl\u00f6sungswerk Jesu vertrauen und das ewige Leben in ihm genie\u00dfen.<\/p>\n\n\n\n<p>Die PCA ist eine reformierte Denomination, d.h. wir glauben an die biblische Wahrheit, die w\u00e4hrend der protestantischen Reformation verk\u00fcndet wurde. Das Wort Gottes und nicht die Tradition ist die einzige Richtschnur f\u00fcr die Kirche. Gott allein rettet durch seine unermessliche Barmherzigkeit und nach seinem souver\u00e4nen Plan. Wir glauben, dass das biblische Lehrsystem im Westminster-Glaubensbekenntnis mit dem Gr\u00f6\u00dferen und Kleineren Katechismus treffend zusammengefasst ist.<\/p>\n\n\n\n<p>Die PCA ist eine presbyterianische Denomination, d.h. wir haben eine repr\u00e4sentative Form der Kirchenleitung. Eine Ortsgemeinde wird von einer \"Sitzung\" geleitet, die sich aus \u00c4ltesten (d.h. \"Presbytern\") zusammensetzt, welche von den Gemeindemitgliedern gew\u00e4hlt werden. Pastoren und Vertreter der \u00f6rtlichen Kirchen in einer Region bilden ein \"Presbyterium\". Die Vertreter der Presbyterien und der Ortsgemeinden treffen sich j\u00e4hrlich auf einer \"Generalversammlung\".<\/p>\n\n\n\n<p>Die Aussch\u00fcsse und Gremien der Generalversammlung helfen den Ortsgemeinden, ihre Kr\u00e4fte und Ressourcen zu b\u00fcndeln, um das Reich Gottes effektiver zu verbreiten.<\/p>\n\n\n\n<p style=\"font-size:clamp(15.747px, 0.984rem + ((1vw - 3.2px) * 0.645), 24px);\" class=\"translation-block\"><strong>Unser Presbyterium- Das Presbyterium von S\u00fcdost-Alabama<\/strong><\/p>\n\n\n\n<p>Die Southeast Alabama Presbytery umfasst Gemeinden von der Staatsgrenze zu Georgia im Osten bis zu Chilton County im Westen und von der Staatsgrenze zu Florida im S\u00fcden bis zu Tallapoosa County im Norden. Sie ist eine von f\u00fcnf PCA-Presbyterien in Alabama und eine von f\u00fcnfundachtzig Presbyterien in der gesamten PCA.<\/p>\n\n\n\n<p class=\"translation-block\">Das Southeast Alabama Presbytery beaufsichtigt nicht nur die Kirchen in seinem Gebiet, sondern auch das <a href=\"http:\/\/www.ministrytothemilitaryinternational.com\/\" target=\"_self\">Ministry to the Military and Internationals (MMI)<\/a> - einen internationalen Dienst, der PCA-Gemeinden im Ausland gr\u00fcndet, um Mitgliedern unserer Streitkr\u00e4fte und anderen englischsprachigen ausl\u00e4ndischen B\u00fcrgern zu dienen.<\/p>\n\n\n\n<p style=\"font-size:clamp(15.747px, 0.984rem + ((1vw - 3.2px) * 0.645), 24px);\" class=\"translation-block\"><strong>Unsere Aussendeorganisation -Ministerium f\u00fcr Milit\u00e4r und internationale Angelegenheiten (MMI) <\/strong><\/p>\n\n\n\n<p>MMI ist eine Organisation, die versucht, presbyterianische, reformierte Kirchen in \u00dcbersee zu gr\u00fcnden, um die spirituellen Bed\u00fcrfnisse von US-Milit\u00e4rangeh\u00f6rigen, ihren Familien, Zivilangestellten des Verteidigungsministeriums, Auftragnehmern, Auswanderern sowie einheimischen und internationalen Menschen, die Englisch als erste oder zweite Sprache sprechen, zu erf\u00fcllen.<\/p>\n\n\n\n<p>MMI setzt sich voll und ganz f\u00fcr das Wort Gottes, die biblische Verwaltung der Sakramente und das Gebet ein und versucht, durch diese Mittel eine Familie von vers\u00f6hnten Br\u00fcdern und Schwestern aufzubauen, welche Gott und sich gegenseitig lieben. Die MMI m\u00f6chte, dass alle erkennen, dass der Geist Gottes in ihnen und unter ihnen wirkt, um seinen souver\u00e4nen Willen auszuf\u00fchren, und ermutigt und r\u00fcstet die Gl\u00e4ubigen aus, eine durch und durch christliche Weltsicht zu entwickeln, die es ihnen erm\u00f6glicht, nach dem Vorbild unseres Herrn zu denken und nach seinem Beispiel zu leben.<\/p>","protected":false},"excerpt":{"rendered":"<p>The Presbyterian Church in America (PCA) The Presbyterian Church in America (PCA) was formed in 1973 to be a denomination that is \u201cFaithful to the Scriptures, True to the Reformed Faith, and Obedient to the Great Commission.\u201d The PCA is an evangelical denomination in that we proclaim the gospel of salvation through faith in Jesus [&hellip;]<\/p>","protected":false},"author":5,"featured_media":27998,"parent":0,"menu_order":0,"comment_status":"closed","ping_status":"closed","template":"","meta":{"_seopress_robots_primary_cat":"","_seopress_titles_title":"","_seopress_titles_desc":"","_seopress_robots_index":"","footnotes":""},"class_list":["post-27857","page","type-page","status-publish","has-post-thumbnail","hentry"],"blocksy_meta":[],"_links":{"self":[{"href":"https:\/\/cfcstuttgart.org\/de\/wp-json\/wp\/v2\/pages\/27857","targetHints":{"allow":["GET"]}}],"collection":[{"href":"https:\/\/cfcstuttgart.org\/de\/wp-json\/wp\/v2\/pages"}],"about":[{"href":"https:\/\/cfcstuttgart.org\/de\/wp-json\/wp\/v2\/types\/page"}],"author":[{"embeddable":true,"href":"https:\/\/cfcstuttgart.org\/de\/wp-json\/wp\/v2\/users\/5"}],"replies":[{"embeddable":true,"href":"https:\/\/cfcstuttgart.org\/de\/wp-json\/wp\/v2\/comments?post=27857"}],"version-history":[{"count":5,"href":"https:\/\/cfcstuttgart.org\/de\/wp-json\/wp\/v2\/pages\/27857\/revisions"}],"predecessor-version":[{"id":28930,"href":"https:\/\/cfcstuttgart.org\/de\/wp-json\/wp\/v2\/pages\/27857\/revisions\/28930"}],"wp:featuredmedia":[{"embeddable":true,"href":"https:\/\/cfcstuttgart.org\/de\/wp-json\/wp\/v2\/media\/27998"}],"wp:attachment":[{"href":"https:\/\/cfcstuttgart.org\/de\/wp-json\/wp\/v2\/media?parent=27857"}],"curies":[{"name":"wp","href":"https:\/\/api.w.org\/{rel}","templated":true}]}}