{"id":25763,"date":"2024-06-17T19:43:18","date_gmt":"2024-06-17T19:43:18","guid":{"rendered":"https:\/\/olevianus.refsites.com\/?page_id=25763"},"modified":"2025-01-31T10:07:05","modified_gmt":"2025-01-31T09:07:05","slug":"what-we-believe","status":"publish","type":"page","link":"https:\/\/cfcstuttgart.org\/de\/what-we-believe\/","title":{"rendered":"Was wir glauben"},"content":{"rendered":"<p class=\"has-large-font-size\"><strong>Wir sind Christen<\/strong><\/p>\n\n\n\n<p class=\"translation-block\">Wir bekennen uns gerne, zusammen mit der christlichen Kirche auf der ganzen Welt und zu allen Zeiten, zur Wesentlichkeit der Wahrheiten, f\u00fcr welche das <a href=\"https:\/\/de.ligonier.org\/resources\/creeds-confessions\/the-apostles-creed\/\" data-type=\"link\" data-id=\"https:\/\/www.ligonier.org\/learn\/articles\/the-apostles-creed\" target=\"_self\">Apostolische<\/a>, das <a href=\"https:\/\/de.ligonier.org\/resources\/creeds-confessions\/the-nicene-creed\/\" data-type=\"link\" data-id=\"https:\/\/www.ligonier.org\/learn\/articles\/the-nicene-creed\" target=\"_self\">Nic\u00e4nisch<\/a> und das <a href=\"http:\/\/www.serk-heidelberg.de\/unser-glaube\/das-athanasianische-glaubensbekenntnis\/\" target=\"_self\">Athanasische<\/a> Glaubensbekenntnis eintreten.<\/p>\n\n\n\n<p class=\"has-large-font-size\"><strong>Wir sind Evangelisch<\/strong><\/p>\n\n\n\n<p>Der Protestantismus ist ein Zweig des Christentums, der im 16. Jahrhundert w\u00e4hrend der Zeit der Reformation entstand. Die Schl\u00fcsselfigur dieser Bewegung war, neben dem souver\u00e4nen Wirken des Herrn, Martin Luther (1483-1546). Am 31. Oktober 1546 ver\u00f6ffentlichte Luther seine <a href=\"https:\/\/www.ekd.de\/95-Thesen-10864.htm\">95 Thesen<\/a> , um die r\u00f6misch-katholische Kirche von ihren falschen Praktiken zu befreien. Ein Protestant zu sein bedeutet daher, gegen die ketzerischen Abweichungen von der Heiligen Schrift zu \u201eprotestieren\u201c, die den Praktiken der r\u00f6misch-katholischen Kirche entsprechen. <\/p>\n\n\n\n<p class=\"has-large-font-size\"><strong>Wir sind reformiert<\/strong><\/p>\n\n\n\n<p>Reformierte Theologie ist die systematische Auslegung der biblischen Lehren in den heiligen Schriften, die ihren Ursprung im 16. Jahrhundert hat. Zu den wichtigsten Elementen des reformierten Glaubens geh\u00f6ren die 5 Soli und die Lehren der Gnade. <\/p>\n\n\n\n<p>Die f\u00fcnf \u201eSolas\u201c (lat. \u201eallein\u201c) der Reformation legen zu Recht den Schwerpunkt auf die Souver\u00e4nit\u00e4t Gottes, wie sie in den Schriften des Alten und Neuen Testaments dargelegt wird, die eindeutig besagen, dass der Mensch aus Gnade und durch Glauben gerettet wird (Eph. 2:8-9), und zwar allein aufgrund des vollkommenen Werkes Jesu Christi, der den s\u00fcndigen Menschen f\u00fcr gerecht erkl\u00e4rt. Die f\u00fcnf Solas der Reformation lassen sich wie folgt zusammenfassen:<br><br><em><strong>Sola Scriptura (\"Allein die Schrift\")<\/strong><br><\/em>Wir bekr\u00e4ftigen, dass die unfehlbare Bibel die einzige Quelle der schriftlichen, g\u00f6ttlichen Offenbarung ist, welche allein das Gewissen binden kann. Die Bibel allein lehrt alles, was f\u00fcr unsere Erl\u00f6sung von der S\u00fcnde notwendig ist, und ist der Ma\u00dfstab, an dem jedes christliche Verhalten gemessen werden muss.<br>Wir lehnen es ab, dass ein Glaubensbekenntnis, ein Konzil oder eine Einzelperson das Gewissen eines Christen binden kann, dass der Heilige Geist unabh\u00e4ngig von oder im Widerspruch zu dem spricht, was in der Bibel steht, oder dass pers\u00f6nliche spirituelle Erfahrungen jemals ein Mittel der Offenbarung sein k\u00f6nnen.<sup data-fn=\"1f88e1b1-6201-4b6c-ae5e-8076ddd7d220\" class=\"fn\"><a href=\"#1f88e1b1-6201-4b6c-ae5e-8076ddd7d220\" id=\"1f88e1b1-6201-4b6c-ae5e-8076ddd7d220-link\">1<\/a><\/sup><\/p>\n\n\n\n<p><em><strong>Solus Christus (\"Christus allein\")<\/strong><br><\/em>Wir bekr\u00e4ftigen, dass unsere Erl\u00f6sung allein durch das Mittleramt des historischen Christus zustande kommt. Nur sein s\u00fcndloses Leben und sein stellvertretendes S\u00fchnopfer reichen aus, um uns vor dem Vater zu rechtfertigen und mit ihm zu vers\u00f6hnen.<br>Wir leugnen, dass das Evangelium gepredigt wird, wenn das stellvertretende Werk Christi nicht verk\u00fcndet wird und nicht zum Glauben an Christus und sein Werk aufgefordert wird.<sup data-fn=\"144f4ae8-49a7-4870-89a6-d5fd0d767385\" class=\"fn\"><a href=\"#144f4ae8-49a7-4870-89a6-d5fd0d767385\" id=\"144f4ae8-49a7-4870-89a6-d5fd0d767385-link\">2<\/a><\/sup><\/p>\n\n\n\n<p><em><strong>Sola Gratia (\"Gnade allein\")<\/strong><br><\/em>Wir bekr\u00e4ftigen, dass wir allein durch Gottes Gnade vor seinem Zorn gerettet werden. Es ist das \u00fcbernat\u00fcrliche Wirken des Heiligen Geistes, der uns zu Christus bringt, indem er uns von unserer Bindung an die S\u00fcnde befreit und uns vom geistlichen Tod zum geistlichen Leben erweckt.<br>Wir leugnen, dass die Erl\u00f6sung in irgendeiner Weise ein menschliches Werk ist. Menschliche Methoden, Vorgehensweisen oder Strategien allein k\u00f6nnen diese Transformation nicht bewirken. Der Glaube wird nicht durch unsere verderbte menschliche Natur hervorgerufen.<sup data-fn=\"8008745c-1c6f-4723-8ae1-1e6a5f489dab\" class=\"fn\"><a href=\"#8008745c-1c6f-4723-8ae1-1e6a5f489dab\" id=\"8008745c-1c6f-4723-8ae1-1e6a5f489dab-link\">3<\/a><\/sup><\/p>\n\n\n\n<p><em><strong>Sola Fide (\"Glaube allein\")<\/strong><br><\/em>Wir bekr\u00e4ftigen, dass die Rechtfertigung allein aus Gnade, allein durch den Glauben und allein durch Christus erfolgt. Bei der Rechtfertigung wird uns die Gerechtigkeit Christi als einzig m\u00f6gliche Wiedergutmachung f\u00fcr Gottes vollkommene Gerechtigkeit zugerechnet.<br>Wir leugnen, dass diese Rechtfertigung auf irgendeiner Tugend beruht, die in uns zu finden ist, oder auf der Grundlage einer Eingie\u00dfung der Gerechtigkeit Christi in uns, oder dass eine Institution, welche behauptet, eine Kirche zu sein, aber Sola Fide leugnet oder verurteilt, als rechtm\u00e4\u00dfige Kirche betrachtet werden kann.<sup data-fn=\"704b30ac-e2a3-46b0-9433-72581f8a6c29\" class=\"fn\"><a href=\"#704b30ac-e2a3-46b0-9433-72581f8a6c29\" id=\"704b30ac-e2a3-46b0-9433-72581f8a6c29-link\">4<\/a><\/sup><\/p>\n\n\n\n<p><em><strong>Soli Deo Gloria (\"Gott allein die Ehre\")<\/strong><br><\/em>Wir bekr\u00e4ftigen, dass die Erl\u00f6sung von Gott kommt und durch Gott vollbracht wurde, und dass sie zu Gottes Ehre geschieht und wir ihn stets verherrlichen sollen. Wir sollen unser ganzes Leben vor Gottes Angesicht, unter Gottes Autorit\u00e4t und allein zu seiner Ehre leben.<br>Wir leugnen, dass wir Gott angemessen verherrlichen k\u00f6nnen, wenn unsere Gottesdienste mit Unterhaltung verwechselt werden, wenn wir in unseren Predigten entweder das Gesetz oder das Evangelium vernachl\u00e4ssigen oder wenn Selbstverbesserung, Selbstvertrauen oder Selbstverwirklichung als Alternativen zum Evangelium zugelassen werden.<sup data-fn=\"ccec5970-cfe4-4036-94ab-92fe7c1c41d4\" class=\"fn\"><a href=\"#ccec5970-cfe4-4036-94ab-92fe7c1c41d4\" id=\"ccec5970-cfe4-4036-94ab-92fe7c1c41d4-link\">5<\/a><\/sup><\/p>\n\n\n\n<p>Zu den Grundbausteinen des reformierten Glaubens geh\u00f6ren nicht nur die f\u00fcnf Soli, sondern auch die Lehren der Gnade. Diese sind bekannterma\u00dfen in dem Akronym TULIP enthalten, dessen Ursprung in einer Kirchenversammlung im niederl\u00e4ndischen Dordrecht liegt. Das Hauptziel der Dordrechter Synode bestand darin, die Lehren von Jacobus Arminius und seinen Anh\u00e4ngern, den sogenannten Arminianern, zu diskutieren. Die Dordrechter Lehrregeln umfassten f\u00fcnf Punkte als Antwort auf die f\u00fcnf Punkte des Arminianismus, die wie folgt definiert sind:<\/p>\n\n\n\n<p><strong><a href=\"https:\/\/de.ligonier.org\/tabletalk\/juedisches-leben-zur-zeit-jesu\/are-christians-totally-depraved\/\">V\u00f6llige Verderbtheit<\/a><\/strong> Der Mensch ist in seinen S\u00fcnden und Verfehlungen v\u00f6llig tot und unf\u00e4hig, sich selbst zu erretten.<sup data-fn=\"d64eee03-ee56-4a09-b8d5-e4d8676b0d49\" class=\"fn\"><a href=\"#d64eee03-ee56-4a09-b8d5-e4d8676b0d49\" id=\"d64eee03-ee56-4a09-b8d5-e4d8676b0d49-link\">6<\/a><\/sup><\/p>\n\n\n\n<p><strong><a href=\"https:\/\/www.evangelium21.net\/media\/857\/gott-liebt-erwaehlung\">Bedingungslose Erw\u00e4hlung<\/a><\/strong> Gott erw\u00e4hlt oder bestimmt ein besonderes Volk f\u00fcr die Erl\u00f6sung aufgrund seines Willens und nicht aufgrund eines vorhergesehenen Verdienstes.<sup data-fn=\"0ffb2c78-4e09-4bc7-8f3f-1b3848770476\" class=\"fn\"><a href=\"#0ffb2c78-4e09-4bc7-8f3f-1b3848770476\" id=\"0ffb2c78-4e09-4bc7-8f3f-1b3848770476-link\">7<\/a><\/sup><\/p>\n\n\n\n<p><strong><a href=\"https:\/\/de.ligonier.org\/articles\/what-was-gods-purpose-cross\/\">Begrenzte S\u00fchne<\/a><\/strong> Jesus Christus gab sein eigenes Leben f\u00fcr seine Schafe; f\u00fcr ein besonderes Volk aus jedem Stamm, jeder Sprache und jeder Nation.<sup data-fn=\"eb366720-c3ac-46df-a2cd-17ccd5f52da5\" class=\"fn\"><a href=\"#eb366720-c3ac-46df-a2cd-17ccd5f52da5\" id=\"eb366720-c3ac-46df-a2cd-17ccd5f52da5-link\">8<\/a><\/sup><\/p>\n\n\n\n<p><strong><a href=\"https:\/\/de.ligonier.org\/articles\/what-is-irresistible-grace\/\">Unwiderstehliche Gnade<\/a><\/strong> Man kann der Gnade, die Gott seinen Auserw\u00e4hlten schenkt, nicht widerstehen; vielmehr wird der Mensch durch Gottes Gnade bef\u00e4higt, Bu\u00dfe zu tun und zu glauben.<sup data-fn=\"6c2feacd-c216-41ab-9b68-44bcd2e14f52\" class=\"fn\"><a href=\"#6c2feacd-c216-41ab-9b68-44bcd2e14f52\" id=\"6c2feacd-c216-41ab-9b68-44bcd2e14f52-link\">9<\/a><\/sup><\/p>\n\n\n\n<p><strong><a href=\"https:\/\/de.ligonier.org\/articles\/predestination-and-human-actions\/\">Ausharren der Heiligen<\/a><\/strong> Diejenigen, die Gott auserw\u00e4hlt hat, werden bis zur Herrlichkeit an ihrem Glauben festhalten.<sup data-fn=\"521c1d3e-b62d-4a79-97ec-5aef2c3b105f\" class=\"fn\"><a href=\"#521c1d3e-b62d-4a79-97ec-5aef2c3b105f\" id=\"521c1d3e-b62d-4a79-97ec-5aef2c3b105f-link\">10<\/a><\/sup><\/p>\n\n\n\n<p>Zusammengefasst untermauern diese Lehrs\u00e4tze den sogenannten reformierten Glauben. <\/p>\n\n\n\n<p class=\"has-large-font-size\"><strong>Wir sind presbyterianisch<\/strong><\/p>\n\n\n\n<p>Wir bekennen uns zu dem <a href=\"https:\/\/www.pcaac.org\/bco\/westminster-confession\/\">Westminster Glaubensbekenntnis<\/a>, sowie dem gr\u00f6\u00dferen und dem kleineren Westminster-Katechismus, und betrachten sie als der Schrift untergeordnete Lehrwerke, welche die  biblischen Lehren in den Schriften des Alten und Neuen Testaments treu und zuverl\u00e4ssig zusammenfassen. Diese Grunds\u00e4tze sind f\u00fcr alle unsere Pastoren, \u00c4ltesten und Diakone verbindlich.<\/p>\n\n\n\n<p><br>Da wir Teil der Presbyterianischen Kirche in America (PCA) sind, haben wir auch eine presbyterianische Art der Kirchenleitung. Das bedeutet, dass unser Pastor und unsere \u00c4ltesten in regelm\u00e4\u00dfigen Treffen als \u201eSitzung\u201c (in anderen Traditionen als \u201eKonsistorium\u201c oder \u201e\u00c4ltestenrat\u201c bekannt) gemeinsam Entscheidungen \u00fcber das Leben der Kirche treffen, wobei alle die gleiche Stimme haben. Unsere Kirche und andere im MMI (Ministry to the Military and Internationals), unserer Missionsorganisation und im S\u00fcdosten Alabamas sind Teil des Presbyteriums S\u00fcdostalabamas, in dem \u00c4lteste aus den Mitgliedskirchen zusammenkommen, um die Mitgliedskirchen in die Verantwortung zu nehmen und Entscheidungen \u00fcber das Presbyterium und die darin vertretenen Kirchen zu treffen. Zuletzt versammeln sich die \u00c4ltesten des Presbyteriums von S\u00fcdost-Alabama und der anderen Presbyterien der Presbyterianischen Kirche in Amerika zu einer j\u00e4hrlichen Versammlung, die \u201eGeneralversammlung\u201c genannt wird. Dort werden die Presbyterien f\u00fcr ihre Arbeit zur Rechenschaft gezogen und Entscheidungen f\u00fcr die gesamte Denomination getroffen.<\/p>\n\n\n\n<div class=\"wp-block-stackable-divider stk-block-divider stk-block stk-5c97322\" data-block-id=\"5c97322\"><hr class=\"stk-block-divider__hr\"\/><\/div>\n\n\n<ol class=\"wp-block-footnotes\"><li id=\"1f88e1b1-6201-4b6c-ae5e-8076ddd7d220\">Deut. 4:2; 12:32; Ps. 19:7-11; 119; Isa. 8:20; Mat. 4:1-11); 15:1-9; Mark 7:5-13; Acts 17:10-11; 1 Cor 4:6; Gal. 1:6-17; Eph. 2:20; 2 Tim. 3:14-17; Heb. 6:13; 2 Pet. 1:20-21; Rev. 22:18-19 <a href=\"#1f88e1b1-6201-4b6c-ae5e-8076ddd7d220-link\" aria-label=\"Zur Fu\u00dfnotenreferenz 1 navigieren\">\u21a9\ufe0e<\/a><\/li><li id=\"144f4ae8-49a7-4870-89a6-d5fd0d767385\">John 3; 14:6; 17; Acts 4:12; 17:16-31; Rom. 10:9-15; Col. 1:15-23; 2:1-15; 1 Tim. 2:5-6; Heb. 7:25; 9:11-15, 23-38; Rev. 22:13 and also, related to penal substitutionary atonement, see, Exodus 12; Leviticus 16; Isaiah 52:13-53:12; Mark 10:45; 15:33-34; John 3:14-18, 35-36; 11:47-52; Rom. 1:16-18; 3:21-26; 5:8-10; Gal. 3:10-13; 1 Pet. 2:21-25; 3:18) <a href=\"#144f4ae8-49a7-4870-89a6-d5fd0d767385-link\" aria-label=\"Zur Fu\u00dfnotenreferenz 2 navigieren\">\u21a9\ufe0e<\/a><\/li><li id=\"8008745c-1c6f-4723-8ae1-1e6a5f489dab\">Psalm 51; Isa. 64:6; Mat. 20:1-16; Luke 5:27-32; 15:11-32; John 3:1-9; Acts 15:6-11; Rom. 3:9-26; 4:4-5; 5:12-21; 6:23; 8:7-8; 11:5-6; 1 Cor. 15:10; Gal. 2:21; 5:4; Eph 2:1-10; Titus 3:5-7 <a href=\"#8008745c-1c6f-4723-8ae1-1e6a5f489dab-link\" aria-label=\"Zur Fu\u00dfnotenreferenz 3 navigieren\">\u21a9\ufe0e<\/a><\/li><li id=\"704b30ac-e2a3-46b0-9433-72581f8a6c29\">Gen. 15:6; Mat. 5:20, 48; 9:22, 29; 15:28; Mark 5:34; 10:52; Luke 7:29, 50; 8:48; 17:19; 18:9-14, 42; 23:39-43; John 1:12, 3:14-16, 18, 36; 5:24; 6:40, 47; 11:25-26; 20:31; Acts 16:31; Rom. 1:16-17; 3:21-31; 4:1-12; 5:1; 10:4-3, 10; 2 Cor. 5:21; Gal. 2:15-16; 3:1-14; Eph. 2:8-9; Phil. 3:1-9 <a href=\"#704b30ac-e2a3-46b0-9433-72581f8a6c29-link\" aria-label=\"Zur Fu\u00dfnotenreferenz 4 navigieren\">\u21a9\ufe0e<\/a><\/li><li id=\"ccec5970-cfe4-4036-94ab-92fe7c1c41d4\">Gen. 1:1 (cf. Heb 11:3); Ps. 19:1-3; Isa. 42:8; 43:6-7; 48:9-11; Dan 4 (esp. vv. 30-32); Luke 2:14; John 17:1-5; Acts 12:23; 17:24-25; Rom. 1:18-23; 9:21-24; 11:33-36; 1 Cor. 8:6; 10:31; 2 Cor. 4:4-6; Eph. 1:3-14; Col. 1:16; 1 Tim. 1:11, 17; James 1:17; Rev. 4:11 <a href=\"#ccec5970-cfe4-4036-94ab-92fe7c1c41d4-link\" aria-label=\"Zur Fu\u00dfnotenreferenz 5 navigieren\">\u21a9\ufe0e<\/a><\/li><li id=\"d64eee03-ee56-4a09-b8d5-e4d8676b0d49\">Gen. 6:5; Isa. 64:6; Ezek. 36:26; John 3:1-8, 19-21; 6:44, 64-65; Rom. 1:18-32; 3:9-18; 5:12; 6:16-19; 8:7-8; 14:23; 1 Cor. 2:14-16; Eph. 2:1-10 <a href=\"#d64eee03-ee56-4a09-b8d5-e4d8676b0d49-link\" aria-label=\"Zur Fu\u00dfnotenreferenz 6 navigieren\">\u21a9\ufe0e<\/a><\/li><li id=\"0ffb2c78-4e09-4bc7-8f3f-1b3848770476\">Gen. 25:23 (cf. Mal. 1:2-3); Deut. 7:7-8; John 3:3; 6:37, 44, 64-65; 10:24-26; 17:12 (cf. 1 Pet. 2:7-8); Acts 11:18; 13:48; Rom. 8:29-30; 9:1-24; Eph. 1:3-14; 2:8-9; Phi. 1:29; 1 Thess 5:9; 2 Thess. 2:13; 1 John 5:1 <a href=\"#0ffb2c78-4e09-4bc7-8f3f-1b3848770476-link\" aria-label=\"Zur Fu\u00dfnotenreferenz 7 navigieren\">\u21a9\ufe0e<\/a><\/li><li id=\"eb366720-c3ac-46df-a2cd-17ccd5f52da5\">Lev. 16:16, 21, 24, 33-34; Mat. 1:21; Mark 10:45; John 10:11, 15; John 17:1-26; Acts 20:28; Rom. 3:25-26; 5:6-11; 8:28-39; 2 Cor. 5:21; Eph. 5:25; 1 Thess. 5:9-10; Heb. 7:22-28; 9:11-28 <a href=\"#eb366720-c3ac-46df-a2cd-17ccd5f52da5-link\" aria-label=\"Zur Fu\u00dfnotenreferenz 8 navigieren\">\u21a9\ufe0e<\/a><\/li><li id=\"6c2feacd-c216-41ab-9b68-44bcd2e14f52\">Deut. 30:6 (cf. Rom. 2:29); Ezek. 36:26-27; 37:1-14; Mat. 22:1-14; John 6:22-65; Acts 16:14-15; Rom. 8:28-30; 9:22-26; 11:28-29; 1 Cor. 1:18-31; 2 Thess. 2:13-14; 2 Pet. 1:10 <a href=\"#6c2feacd-c216-41ab-9b68-44bcd2e14f52-link\" aria-label=\"Zur Fu\u00dfnotenreferenz 9 navigieren\">\u21a9\ufe0e<\/a><\/li><li id=\"521c1d3e-b62d-4a79-97ec-5aef2c3b105f\">Jer. 32:38-40; John 3:36; 5:24; 6:22-65; 10:27-30; Rom. 8:28-30, 35-39; 11:29; 2 Cor. 5:17; Phil. 1:6; 1 Pet. 5:10; 1 John 2:18-20; Jude 24-25 <a href=\"#521c1d3e-b62d-4a79-97ec-5aef2c3b105f-link\" aria-label=\"Zur Fu\u00dfnotenreferenz 10 navigieren\">\u21a9\ufe0e<\/a><\/li><\/ol>","protected":false},"excerpt":{"rendered":"<p>We are Christians We gladly confess, along with the Christian church throughout the world and the ages, the essentialness of the truths espoused by the Apostles, Nicene, and Athanasian creeds. We are Protestant Protestantism is a branch of Christianity originating in the 16th century during the time of the Reformation. The key figure of this [&hellip;]<\/p>","protected":false},"author":1,"featured_media":28001,"parent":0,"menu_order":2,"comment_status":"closed","ping_status":"closed","template":"","meta":{"_seopress_robots_primary_cat":"","_seopress_titles_title":"","_seopress_titles_desc":"","_seopress_robots_index":"","footnotes":"[{\"content\":\"Deut. 4:2; 12:32; Ps. 19:7-11; 119; Isa. 8:20; Mat. 4:1-11); 15:1-9; Mark 7:5-13; Acts 17:10-11; 1 Cor 4:6; Gal. 1:6-17; Eph. 2:20; 2 Tim. 3:14-17; Heb. 6:13; 2 Pet. 1:20-21; Rev. 22:18-19\",\"id\":\"1f88e1b1-6201-4b6c-ae5e-8076ddd7d220\"},{\"content\":\"John 3; 14:6; 17; Acts 4:12; 17:16-31; Rom. 10:9-15; Col. 1:15-23; 2:1-15; 1 Tim. 2:5-6; Heb. 7:25; 9:11-15, 23-38; Rev. 22:13 and also, related to penal substitutionary atonement, see, Exodus 12; Leviticus 16; Isaiah 52:13-53:12; Mark 10:45; 15:33-34; John 3:14-18, 35-36; 11:47-52; Rom. 1:16-18; 3:21-26; 5:8-10; Gal. 3:10-13; 1 Pet. 2:21-25; 3:18)\",\"id\":\"144f4ae8-49a7-4870-89a6-d5fd0d767385\"},{\"content\":\"Psalm 51; Isa. 64:6; Mat. 20:1-16; Luke 5:27-32; 15:11-32; John 3:1-9; Acts 15:6-11; Rom. 3:9-26; 4:4-5; 5:12-21; 6:23; 8:7-8; 11:5-6; 1 Cor. 15:10; Gal. 2:21; 5:4; Eph 2:1-10; Titus 3:5-7\",\"id\":\"8008745c-1c6f-4723-8ae1-1e6a5f489dab\"},{\"content\":\"Gen. 15:6; Mat. 5:20, 48; 9:22, 29; 15:28; Mark 5:34; 10:52; Luke 7:29, 50; 8:48; 17:19; 18:9-14, 42; 23:39-43; John 1:12, 3:14-16, 18, 36; 5:24; 6:40, 47; 11:25-26; 20:31; Acts 16:31; Rom. 1:16-17; 3:21-31; 4:1-12; 5:1; 10:4-3, 10; 2 Cor. 5:21; Gal. 2:15-16; 3:1-14; Eph. 2:8-9; Phil. 3:1-9\",\"id\":\"704b30ac-e2a3-46b0-9433-72581f8a6c29\"},{\"content\":\"Gen. 1:1 (cf. Heb 11:3); Ps. 19:1-3; Isa. 42:8; 43:6-7; 48:9-11; Dan 4 (esp. vv. 30-32); Luke 2:14; John 17:1-5; Acts 12:23; 17:24-25; Rom. 1:18-23; 9:21-24; 11:33-36; 1 Cor. 8:6; 10:31; 2 Cor. 4:4-6; Eph. 1:3-14; Col. 1:16; 1 Tim. 1:11, 17; James 1:17; Rev. 4:11\",\"id\":\"ccec5970-cfe4-4036-94ab-92fe7c1c41d4\"},{\"content\":\"Gen. 6:5; Isa. 64:6; Ezek. 36:26; John 3:1-8, 19-21; 6:44, 64-65; Rom. 1:18-32; 3:9-18; 5:12; 6:16-19; 8:7-8; 14:23; 1 Cor. 2:14-16; Eph. 2:1-10\",\"id\":\"d64eee03-ee56-4a09-b8d5-e4d8676b0d49\"},{\"content\":\"Gen. 25:23 (cf. Mal. 1:2-3); Deut. 7:7-8; John 3:3; 6:37, 44, 64-65; 10:24-26; 17:12 (cf. 1 Pet. 2:7-8); Acts 11:18; 13:48; Rom. 8:29-30; 9:1-24; Eph. 1:3-14; 2:8-9; Phi. 1:29; 1 Thess 5:9; 2 Thess. 2:13; 1 John 5:1\",\"id\":\"0ffb2c78-4e09-4bc7-8f3f-1b3848770476\"},{\"content\":\"Lev. 16:16, 21, 24, 33-34; Mat. 1:21; Mark 10:45; John 10:11, 15; John 17:1-26; Acts 20:28; Rom. 3:25-26; 5:6-11; 8:28-39; 2 Cor. 5:21; Eph. 5:25; 1 Thess. 5:9-10; Heb. 7:22-28; 9:11-28\",\"id\":\"eb366720-c3ac-46df-a2cd-17ccd5f52da5\"},{\"content\":\"Deut. 30:6 (cf. Rom. 2:29); Ezek. 36:26-27; 37:1-14; Mat. 22:1-14; John 6:22-65; Acts 16:14-15; Rom. 8:28-30; 9:22-26; 11:28-29; 1 Cor. 1:18-31; 2 Thess. 2:13-14; 2 Pet. 1:10\",\"id\":\"6c2feacd-c216-41ab-9b68-44bcd2e14f52\"},{\"content\":\"Jer. 32:38-40; John 3:36; 5:24; 6:22-65; 10:27-30; Rom. 8:28-30, 35-39; 11:29; 2 Cor. 5:17; Phil. 1:6; 1 Pet. 5:10; 1 John 2:18-20; Jude 24-25\",\"id\":\"521c1d3e-b62d-4a79-97ec-5aef2c3b105f\"}]"},"class_list":["post-25763","page","type-page","status-publish","has-post-thumbnail","hentry"],"blocksy_meta":{"styles_descriptor":{"styles":{"desktop":"[data-prefix=\"single_page\"] .entry-header .page-title {--theme-font-size:30px;} [data-prefix=\"single_page\"] .entry-header .entry-meta {--theme-font-weight:600;--theme-text-transform:uppercase;--theme-font-size:12px;--theme-line-height:1.3;} [data-prefix=\"single_page\"] .hero-section[data-type=\"type-1\"] {--margin-bottom:40px;}","tablet":"","mobile":""},"google_fonts":[],"version":6},"page_title_panel":"","has_hero_section":"enabled","86982ef09db07282c1a13e5c89e53174":"","hero_section":"type-1","hero_elements":[{"id":"custom_title","enabled":true,"heading_tag":"h1","title":"Home"},{"id":"custom_description","enabled":true,"description_visibility":{"desktop":true,"tablet":true,"mobile":false}},{"id":"custom_meta","enabled":false,"meta_elements":[{"id":"author","enabled":true,"label":"By","has_author_avatar":"yes","avatar_size":25},{"id":"post_date","enabled":true,"label":"On","date_format_source":"default","date_format":"M j, Y"},{"id":"updated_date","enabled":false,"label":"On","date_format_source":"default","date_format":"M j, Y"},{"id":"categories","enabled":false,"label":"In","style":"simple"},{"id":"comments","enabled":true}],"page_meta_elements":{"joined":true,"articles_count":true,"comments":true}},{"id":"breadcrumbs","enabled":false}],"20ec79d2206154e98e09b6a7786265a2":"","hero_alignment1":"CT_CSS_SKIP_RULE","hero_margin":40,"hero_alignment2":"center","hero_vertical_alignment":"center","0b942916662ab933e2c18914a4dbd157":"","hero_structure":"narrow","1051b2ded0b01de5a8bd70940797e012":"","page_title_bg_type":"featured_image","custom_hero_background":{"attachment_id":null},"page_title_image_size":"full","parallax":{"desktop":false,"tablet":false,"mobile":false},"7b8074b370a892eca560811781c437a0":"","hero_height":"250px","pageTitleFont":{"family":"Default","variation":"Default","size":"30px","line-height":"CT_CSS_SKIP_RULE","letter-spacing":"CT_CSS_SKIP_RULE","text-transform":"CT_CSS_SKIP_RULE","text-decoration":"CT_CSS_SKIP_RULE"},"pageTitleFontColor":{"default":{"color":"CT_CSS_SKIP_RULEDEFAULT"}},"pageMetaFont":{"family":"Default","variation":"n6","size":"12px","line-height":"1.3","letter-spacing":"CT_CSS_SKIP_RULE","text-transform":"uppercase","text-decoration":"CT_CSS_SKIP_RULE"},"pageMetaFontColor":{"default":{"color":"CT_CSS_SKIP_RULEDEFAULT"},"hover":{"color":"CT_CSS_SKIP_RULEDEFAULT"}},"page_meta_button_type_font_colors":{"default":{"color":"CT_CSS_SKIP_RULEDEFAULT"},"hover":{"color":"CT_CSS_SKIP_RULEDEFAULT"}},"page_meta_button_type_background_colors":{"default":{"color":"CT_CSS_SKIP_RULEDEFAULT"},"hover":{"color":"CT_CSS_SKIP_RULEDEFAULT"}},"pageExcerptFont":{"family":"Default","variation":"Default","size":"CT_CSS_SKIP_RULE","line-height":"CT_CSS_SKIP_RULE","letter-spacing":"CT_CSS_SKIP_RULE","text-transform":"CT_CSS_SKIP_RULE","text-decoration":"CT_CSS_SKIP_RULE"},"pageExcerptColor":{"default":{"color":"CT_CSS_SKIP_RULEDEFAULT"}},"breadcrumbsFont":{"family":"Default","variation":"Default","size":"CT_CSS_SKIP_RULE","line-height":"CT_CSS_SKIP_RULE","letter-spacing":"CT_CSS_SKIP_RULE","text-transform":"CT_CSS_SKIP_RULE","text-decoration":"CT_CSS_SKIP_RULE"},"breadcrumbsFontColor":{"default":{"color":"CT_CSS_SKIP_RULEDEFAULT"},"initial":{"color":"CT_CSS_SKIP_RULEDEFAULT"},"hover":{"color":"CT_CSS_SKIP_RULEDEFAULT"}},"acf_field_hero_elements":"","typography":{"family":"Default","variation":"Default","size":"CT_CSS_SKIP_RULE","line-height":"CT_CSS_SKIP_RULE","letter-spacing":"CT_CSS_SKIP_RULE","text-transform":"CT_CSS_SKIP_RULE","text-decoration":"CT_CSS_SKIP_RULE"},"color":{"default":{"color":"CT_CSS_SKIP_RULEDEFAULT"},"hover":{"color":"CT_CSS_SKIP_RULEDEFAULT"}},"metabox_field_hero_elements":"","toolset_field_hero_elements":"","jetengine_field_hero_elements":"","custom_field_hero_elements":"","pageTitleOverlay":{"background_type":"color","background_pattern":"type-1","background_image":{"attachment_id":null,"x":0,"y":0},"gradient":"linear-gradient(135deg,rgba(6,147,227,1) 0%,rgb(155,81,224) 100%)","background_repeat":"repeat","background_size":"auto","background_attachment":"scroll","patternColor":{"default":{"color":"#e5e7ea"}},"overlayColor":{"default":{"color":"CT_CSS_SKIP_RULE"}},"backgroundColor":{"default":{"color":"CT_CSS_SKIP_RULE"}}},"pageTitleBackground":{"background_type":"color","background_pattern":"type-1","background_image":{"attachment_id":null,"x":0,"y":0},"gradient":"linear-gradient(135deg,rgba(6,147,227,1) 0%,rgb(155,81,224) 100%)","background_repeat":"repeat","background_size":"auto","background_attachment":"scroll","patternColor":{"default":{"color":"#e5e7ea"}},"overlayColor":{"default":{"color":"CT_CSS_SKIP_RULE"}},"backgroundColor":{"default":{"color":"var(--theme-palette-color-6)"}}},"pageTitlePadding":{"top":"50px","bottom":"50px","left":"auto","right":"auto","linked":true},"a3c2c88337eeadc314e509e75dff0d31":"","page_structure_type":"default","ce11a17bb3637037c2a9ac86f451cd0f":"","content_style_source":"inherit","content_style":"wide","vertical_spacing_source":"inherit","content_area_spacing":"both","background":{"background_type":"color","background_pattern":"type-1","background_image":{"attachment_id":null,"x":0,"y":0},"gradient":"linear-gradient(135deg,rgba(6,147,227,1) 0%,rgb(155,81,224) 100%)","background_repeat":"repeat","background_size":"auto","background_attachment":"scroll","patternColor":{"default":{"color":"#e5e7ea"}},"overlayColor":{"default":{"color":"CT_CSS_SKIP_RULE"}},"backgroundColor":{"default":{"color":"CT_CSS_SKIP_RULE"}}},"content_background":{"background_type":"color","background_pattern":"type-1","background_image":{"attachment_id":null,"x":0,"y":0},"gradient":"linear-gradient(135deg,rgba(6,147,227,1) 0%,rgb(155,81,224) 100%)","background_repeat":"repeat","background_size":"auto","background_attachment":"scroll","patternColor":{"default":{"color":"#e5e7ea"}},"overlayColor":{"default":{"color":"CT_CSS_SKIP_RULE"}},"backgroundColor":{"default":{"color":"var(--theme-palette-color-8)"}}},"content_boxed_shadow":{"inherit":false,"blur":18,"spread":-6,"v_offset":12,"h_offset":0,"inset":false,"enable":true,"color":{"color":"rgba(34, 56, 101, 0.04)"}},"content_boxed_border":{"width":1,"style":"none","color":{"color":"rgba(44,62,80,0.2)"}},"content_boxed_radius":{"top":"3px","bottom":"3px","left":"3px","right":"3px","linked":true},"boxed_content_spacing":{"desktop":{"top":"40px","bottom":"40px","left":"40px","right":"40px","linked":true},"tablet":{"top":"35px","bottom":"35px","left":"35px","right":"35px","linked":true},"mobile":{"top":"20px","bottom":"20px","left":"20px","right":"20px","linked":true}},"7f7b95aaf55525c5a0167c75be5e6ee0":"","disable_featured_image":"no","disable_share_box":"no","disable_header":"no","disable_footer":"no","12aea1b76dbf4d58990c983be8a8bda4":"","header_footer_scripts_panel":"","header_scripts":"","6c77ce54ef4a5872cf03677646d3c41c":"","header_after_body_scripts":"","4de19f45ba7296033b3aead3346e09a8":"","footer_scripts":""},"_links":{"self":[{"href":"https:\/\/cfcstuttgart.org\/de\/wp-json\/wp\/v2\/pages\/25763","targetHints":{"allow":["GET"]}}],"collection":[{"href":"https:\/\/cfcstuttgart.org\/de\/wp-json\/wp\/v2\/pages"}],"about":[{"href":"https:\/\/cfcstuttgart.org\/de\/wp-json\/wp\/v2\/types\/page"}],"author":[{"embeddable":true,"href":"https:\/\/cfcstuttgart.org\/de\/wp-json\/wp\/v2\/users\/1"}],"replies":[{"embeddable":true,"href":"https:\/\/cfcstuttgart.org\/de\/wp-json\/wp\/v2\/comments?post=25763"}],"version-history":[{"count":20,"href":"https:\/\/cfcstuttgart.org\/de\/wp-json\/wp\/v2\/pages\/25763\/revisions"}],"predecessor-version":[{"id":29178,"href":"https:\/\/cfcstuttgart.org\/de\/wp-json\/wp\/v2\/pages\/25763\/revisions\/29178"}],"wp:featuredmedia":[{"embeddable":true,"href":"https:\/\/cfcstuttgart.org\/de\/wp-json\/wp\/v2\/media\/28001"}],"wp:attachment":[{"href":"https:\/\/cfcstuttgart.org\/de\/wp-json\/wp\/v2\/media?parent=25763"}],"curies":[{"name":"wp","href":"https:\/\/api.w.org\/{rel}","templated":true}]}}